{"id":33,"date":"2022-05-13T14:31:35","date_gmt":"2022-05-13T14:31:35","guid":{"rendered":"https:\/\/ggs-koeln.de\/?page_id=33"},"modified":"2022-05-13T14:38:32","modified_gmt":"2022-05-13T14:38:32","slug":"gebaeudelogistikservice","status":"publish","type":"page","link":"https:\/\/ggs-koeln.de\/index.php\/gebaeudelogistikservice\/","title":{"rendered":"UNSER SERVICE"},"content":{"rendered":"<div class='flex_column av-av_two_third-a93934ecd89fbb8a9566d39e89cd3725 av_two_third  avia-builder-el-0  el_before_av_one_third  avia-builder-el-first  first flex_column_div '   ><section  class='av_textblock_section av-l34jf0g2-d50ccba015b1450be3bad515eb2b1b29'  itemscope=\"itemscope\" itemtype=\"https:\/\/schema.org\/CreativeWork\" ><div class='avia_textblock'  itemprop=\"text\" ><p>GEB\u00c4UDELOGISTIK<strong>SERVICE<\/strong><\/p>\n<p>&#8211; unser Zauberwort umfasst die Planung und Durchf\u00fchrung von Bauma\u00dfnahmen sowie das Controlling und die Verwaltung von Immobilien.<\/p>\n<p>Stetig wachsende Anforderungen an Sicherheit und Ausf\u00fchrung von Hochbauten bed\u00fcrfen eines hohen Ma\u00dfes an Know-How, Flexibilit\u00e4t und Koordination.<br \/>\nSeit vielen Jahren unterst\u00fctzen wir unsere Kunden mit einer Vielzahl von Logistikl\u00f6sungen- sei es in der Konzeptions- und Ausf\u00fchrungsphase oder nach der Baufertigstellung bei den Verwaltungsaufgaben.<br \/>\nVom Planungsentwurf bis zur Hausverwaltung f\u00fchren wir alle Ma\u00dfnahmen zu Ihrer Entlastung durch.<\/p>\n<p>Um einen hohen Qualit\u00e4tsstandard erf\u00fcllen zu k\u00f6nnen, bietet Ihnen die GGS in Zusammenarbeit mit kompetenten Architekten einen Koordinationsservice rund um Ihren Bau an. Unser Team von Spezialisten findet f\u00fcr jede logistische Herausforderung eine passende Antwort.<\/p>\n<p>Die Zufriedenheit unserer Kunden und die sichere Ausf\u00fchrung der uns anvertrauten Projekte haben f\u00fcr uns h\u00f6chste Priorit\u00e4t.<\/p>\n<\/div><\/section><\/div><div class='flex_column av-av_one_third-d06667205e6186ec8414c6eb7605d406 av_one_third  avia-builder-el-2  el_after_av_two_third  el_before_av_one_third  flex_column_div '   ><\/div><\/p>\n<div class='flex_column av-av_one_third-a93934ecd89fbb8a9566d39e89cd3725 av_one_third  avia-builder-el-3  el_after_av_one_third  el_before_av_two_third  first flex_column_div column-top-margin'   ><\/div>\n<div class='flex_column av-av_two_third-d06667205e6186ec8414c6eb7605d406 av_two_third  avia-builder-el-4  el_after_av_one_third  el_before_av_two_third  flex_column_div column-top-margin'   ><section  class='av_textblock_section av-l34jlc2o-aac330ee9b55318f2c96e3fbb27a5b0a'  itemscope=\"itemscope\" itemtype=\"https:\/\/schema.org\/CreativeWork\" ><div class='avia_textblock'  itemprop=\"text\" ><div><\/div>\n<p>REINIGUNGS<strong>SERVICE<\/strong><\/p>\n<p>Eine gepflegte Immobilie und ein sauberes Veranstaltungsumfeld tragen zum Wohlbefinden aller Menschen bei und pr\u00e4gen den ersten Eindruck von Ihrem Eigentum oder Veranstaltungsort.<\/p>\n<p>Da uns im Reinigungssektor neben der Zufriedenheit unserer Kunden auch die Umwelt am Herzen liegt bevorzugen wir Markenfabrikate, die eine umweltschonende, essig-, chlor-, salzs\u00e4ure- und phosphors\u00e4urefreie Anwendung gew\u00e4hrleisten.<\/p>\n<ul>\n<li>Unterhaltsreinigung<\/li>\n<li>Glasreinigung<\/li>\n<li>Bau End- und Grundreinigung<\/li>\n<li>Event End- und Grundreinigung<\/li>\n<li>Treppenhausreinigung<\/li>\n<li>Parkplatz- und Parkhausreinigung<\/li>\n<\/ul>\n<\/div><\/section><\/div><div class='flex_column av-av_two_third-a93934ecd89fbb8a9566d39e89cd3725 av_two_third  avia-builder-el-6  el_after_av_two_third  el_before_av_one_third  first flex_column_div column-top-margin'   ><section  class='av_textblock_section av-l34jmmf7-c2a73603a316f313bd31fc1927f9124f'  itemscope=\"itemscope\" itemtype=\"https:\/\/schema.org\/CreativeWork\" ><div class='avia_textblock'  itemprop=\"text\" ><p>DIENSTLEISTUNGS<strong>SERVICE<\/strong><\/p>\n<p>Im Rahmen der Geb\u00e4udedienste \u00fcbernehmen wir s\u00e4mtliche Hauswart- und Pf\u00f6rtnert\u00e4tigkeiten.<br \/>\nEin gepflegtes Erscheinungsbild des Geb\u00e4udes und das sichere Funktionieren von Anlagen im und am Haus garantieren Ihnen einen gl\u00fccklichen und sorgenfreien Alltag.<\/p>\n<p>Der mobile Hausmeisterservice f\u00fchrt Kleinreparaturen jeder Art durch. Durch einen 24-Stunden-Dienst und die Kooperation mit Fachfirmen k\u00f6nnen wir alle anfallenden Arbeiten von kleinen Wartungen bis hin zum technischen Geb\u00e4udemanagement gew\u00e4hrleisten.<\/p>\n<p>Unsere qualifizierten Mitarbeiter helfen z.B. bei wichtigen Besorgungen, beim t\u00e4glichen Einkauf oder im Haushalt. Gerne geben wir Ihnen \u00fcber unseres Dienstleistungsangebot Auskunft &#8211; ganz gleich, ob es dabei um Informationen zum Post- und Kurierdienst oder Ihre Gr\u00fcnanlagenpflege geht.<\/p>\n<p>Wir beraten Sie gerne!<\/p>\n<p>Wir bieten verschiedene Serviceleistungen an:<\/p>\n<ul>\n<li>Hausmeisterservice<\/li>\n<li>Pf\u00f6rtnerservice<\/li>\n<li>Gr\u00fcnanlagen- und Gartenpflege<\/li>\n<li>Winterdienste<\/li>\n<li>Einkaufsservice<\/li>\n<\/ul>\n<\/div><\/section><\/div><div class='flex_column av-av_one_third-d06667205e6186ec8414c6eb7605d406 av_one_third  avia-builder-el-8  el_after_av_two_third  el_before_av_one_third  flex_column_div column-top-margin'   ><\/div><\/p>\n<div class='flex_column av-av_one_third-a93934ecd89fbb8a9566d39e89cd3725 av_one_third  avia-builder-el-9  el_after_av_one_third  el_before_av_two_third  first flex_column_div column-top-margin'   ><\/div>\n<div class='flex_column av-av_two_third-d06667205e6186ec8414c6eb7605d406 av_two_third  avia-builder-el-10  el_after_av_one_third  avia-builder-el-last  flex_column_div column-top-margin'   ><section  class='av_textblock_section av-l34jnpcj-403861b0b329d5efb6f403a0aa6301db'  itemscope=\"itemscope\" itemtype=\"https:\/\/schema.org\/CreativeWork\" ><div class='avia_textblock'  itemprop=\"text\" ><div>\n<p>EVENT<strong>SERVICE<\/strong><\/p>\n<p>Wir erarbeiten f\u00fcr Sie ein fundiertes Grundkonzept, das die zielgerichtete und systematische Planung Ihrer Veranstaltungen (Messe, Au\u00dfendienstkonferenz, Verkaufspr\u00e4sentation, Sport- und Kulturveranstaltung etc.) unter Ber\u00fccksichtigung Ihrer Kommunikationsziele umsetzt.<\/p>\n<\/div>\n<div>\n<p>Unser Serviceangebot f\u00e4ngt bei der zielgerichteten und systematischen Analyse, Planung, Organisation und Kontrolle Ihrer Veranstaltungen an und endet erst dann, wenn die Schlussreinigung zu Ihrer Zufriedenheit erfolgt ist.<\/p>\n<\/div>\n<div>\n<p>Im Bereich EVENT<span class=\"bold\"><b>SERVICE<\/b><\/span><span class=\"apple-converted-space\">\u00a0<\/span>bieten wir alle denkbaren Dienstleistungen an, die f\u00fcr Ihre Konzeption und Realisierung notwendig und sinnvoll sind.<\/p>\n<\/div>\n<div>\n<p>Wir freuen uns, wenn wir f\u00fcr Sie als Full-Service-Anbieter t\u00e4tig werden d\u00fcrfen.<\/p>\n<\/div>\n<\/div><\/section><\/div>\n","protected":false},"excerpt":{"rendered":"","protected":false},"author":1,"featured_media":0,"parent":0,"menu_order":0,"comment_status":"closed","ping_status":"closed","template":"","meta":{"footnotes":""},"class_list":["post-33","page","type-page","status-publish","hentry"],"_links":{"self":[{"href":"https:\/\/ggs-koeln.de\/index.php\/wp-json\/wp\/v2\/pages\/33","targetHints":{"allow":["GET"]}}],"collection":[{"href":"https:\/\/ggs-koeln.de\/index.php\/wp-json\/wp\/v2\/pages"}],"about":[{"href":"https:\/\/ggs-koeln.de\/index.php\/wp-json\/wp\/v2\/types\/page"}],"author":[{"embeddable":true,"href":"https:\/\/ggs-koeln.de\/index.php\/wp-json\/wp\/v2\/users\/1"}],"replies":[{"embeddable":true,"href":"https:\/\/ggs-koeln.de\/index.php\/wp-json\/wp\/v2\/comments?post=33"}],"version-history":[{"count":3,"href":"https:\/\/ggs-koeln.de\/index.php\/wp-json\/wp\/v2\/pages\/33\/revisions"}],"predecessor-version":[{"id":37,"href":"https:\/\/ggs-koeln.de\/index.php\/wp-json\/wp\/v2\/pages\/33\/revisions\/37"}],"wp:attachment":[{"href":"https:\/\/ggs-koeln.de\/index.php\/wp-json\/wp\/v2\/media?parent=33"}],"curies":[{"name":"wp","href":"https:\/\/api.w.org\/{rel}","templated":true}]}}